{"id":1438,"date":"2025-01-16T08:55:08","date_gmt":"2025-01-16T05:55:08","guid":{"rendered":"https:\/\/www.dinamikdestek.com\/?post_type=product&#038;p=1438"},"modified":"2025-01-16T08:55:24","modified_gmt":"2025-01-16T05:55:24","slug":"3t4299","status":"publish","type":"product","link":"https:\/\/www.dinamikdestek.com\/en\/product\/3t4299\/","title":{"rendered":"3T4299"},"content":{"rendered":"<p>Geni\u015f \u00fcretim kapasitemiz ve deneyimli ekibimizle, CAT, Komatsu, Volvo, Hitachi, Daewoo,\u00a0 Doosan Hyundai, MST, Hidromek , Masta\u015f , Sumitomo, Case, New Holland, JCB, Kawasaki gibi sekt\u00f6r\u00fcn \u00f6nc\u00fc markalar\u0131na uygun yedek par\u00e7alar \u00fcretiyoruz. Ayr\u0131nt\u0131l\u0131 bilgi i\u00e7in bizimle ileti\u015fime ge\u00e7in.<\/p>","protected":false},"excerpt":{"rendered":"<p>\u00dcr\u00fcn Ad\u0131 : Shaft<\/p>\n<p>\u00dcr\u00fcn Kodu : 3T4299<\/p>\n<p>Kullan\u0131m Alan\u0131 :\u00a0 D7H D8R<\/p>","protected":false},"featured_media":1439,"comment_status":"closed","ping_status":"closed","template":"","meta":[],"product_cat":[39],"product_tag":[],"class_list":{"0":"post-1438","1":"product","2":"type-product","3":"status-publish","4":"has-post-thumbnail","6":"product_cat-diferansiyel-saft-aks1","8":"first","9":"instock","10":"shipping-taxable","11":"product-type-simple"},"_links":{"self":[{"href":"https:\/\/www.dinamikdestek.com\/en\/wp-json\/wp\/v2\/product\/1438","targetHints":{"allow":["GET"]}}],"collection":[{"href":"https:\/\/www.dinamikdestek.com\/en\/wp-json\/wp\/v2\/product"}],"about":[{"href":"https:\/\/www.dinamikdestek.com\/en\/wp-json\/wp\/v2\/types\/product"}],"replies":[{"embeddable":true,"href":"https:\/\/www.dinamikdestek.com\/en\/wp-json\/wp\/v2\/comments?post=1438"}],"wp:featuredmedia":[{"embeddable":true,"href":"https:\/\/www.dinamikdestek.com\/en\/wp-json\/wp\/v2\/media\/1439"}],"wp:attachment":[{"href":"https:\/\/www.dinamikdestek.com\/en\/wp-json\/wp\/v2\/media?parent=1438"}],"wp:term":[{"taxonomy":"product_cat","embeddable":true,"href":"https:\/\/www.dinamikdestek.com\/en\/wp-json\/wp\/v2\/product_cat?post=1438"},{"taxonomy":"product_tag","embeddable":true,"href":"https:\/\/www.dinamikdestek.com\/en\/wp-json\/wp\/v2\/product_tag?post=1438"}],"curies":[{"name":"wp","href":"https:\/\/api.w.org\/{rel}","templated":true}]}}