{"id":1089,"date":"2024-12-30T12:37:09","date_gmt":"2024-12-30T09:37:09","guid":{"rendered":"https:\/\/www.dinamikdestek.com\/?post_type=product&#038;p=1089"},"modified":"2024-12-30T12:37:09","modified_gmt":"2024-12-30T09:37:09","slug":"3d6689","status":"publish","type":"product","link":"https:\/\/www.dinamikdestek.com\/en\/product\/3d6689\/","title":{"rendered":"3D6689"},"content":{"rendered":"<p>Geni\u015f \u00fcretim kapasitemiz ve deneyimli ekibimizle, CAT, Komatsu, Volvo, Hitachi, Daewoo,\u00a0 Doosan Hyundai, MST, Hidromek , Masta\u015f , Sumitomo, Case, New Holland, JCB, Kawasaki gibi sekt\u00f6r\u00fcn \u00f6nc\u00fc markalar\u0131na uygun yedek par\u00e7alar \u00fcretiyoruz. Ayr\u0131nt\u0131l\u0131 bilgi i\u00e7in bizimle ileti\u015fime ge\u00e7in.<\/p>","protected":false},"excerpt":{"rendered":"<p>\u00dcr\u00fcn Ad\u0131 : Shaft<\/p>\n<p>\u00dcr\u00fcn Kodu : 3D6689<\/p>\n<p>Kullan\u0131m Alan\u0131 : 12H 12K 140 140H 140K 143H 160 160H<\/p>","protected":false},"featured_media":1090,"comment_status":"closed","ping_status":"closed","template":"","meta":[],"product_cat":[39],"product_tag":[],"class_list":{"0":"post-1089","1":"product","2":"type-product","3":"status-publish","4":"has-post-thumbnail","6":"product_cat-diferansiyel-saft-aks1","8":"first","9":"instock","10":"shipping-taxable","11":"product-type-simple"},"_links":{"self":[{"href":"https:\/\/www.dinamikdestek.com\/en\/wp-json\/wp\/v2\/product\/1089","targetHints":{"allow":["GET"]}}],"collection":[{"href":"https:\/\/www.dinamikdestek.com\/en\/wp-json\/wp\/v2\/product"}],"about":[{"href":"https:\/\/www.dinamikdestek.com\/en\/wp-json\/wp\/v2\/types\/product"}],"replies":[{"embeddable":true,"href":"https:\/\/www.dinamikdestek.com\/en\/wp-json\/wp\/v2\/comments?post=1089"}],"wp:featuredmedia":[{"embeddable":true,"href":"https:\/\/www.dinamikdestek.com\/en\/wp-json\/wp\/v2\/media\/1090"}],"wp:attachment":[{"href":"https:\/\/www.dinamikdestek.com\/en\/wp-json\/wp\/v2\/media?parent=1089"}],"wp:term":[{"taxonomy":"product_cat","embeddable":true,"href":"https:\/\/www.dinamikdestek.com\/en\/wp-json\/wp\/v2\/product_cat?post=1089"},{"taxonomy":"product_tag","embeddable":true,"href":"https:\/\/www.dinamikdestek.com\/en\/wp-json\/wp\/v2\/product_tag?post=1089"}],"curies":[{"name":"wp","href":"https:\/\/api.w.org\/{rel}","templated":true}]}}